{"id":2792,"date":"2024-09-12T19:38:22","date_gmt":"2024-09-12T23:38:22","guid":{"rendered":"https:\/\/francemcneil.com\/bio\/"},"modified":"2025-04-02T10:23:10","modified_gmt":"2025-04-02T14:23:10","slug":"about","status":"publish","type":"page","link":"https:\/\/francemcneil.com\/en\/about\/","title":{"rendered":"about"},"content":{"rendered":"\t\t<div data-elementor-type=\"wp-page\" data-elementor-id=\"2792\" class=\"elementor elementor-2792 elementor-109\" data-elementor-post-type=\"page\">\n\t\t\t\t<div class=\"elementor-element elementor-element-844831c e-flex e-con-boxed e-con e-parent\" data-id=\"844831c\" data-element_type=\"container\" data-settings=\"{&quot;jet_parallax_layout_list&quot;:[]}\">\n\t\t\t\t\t<div class=\"e-con-inner\">\n\t\t<div class=\"elementor-element elementor-element-6333bd2 e-con-full e-flex e-con e-child\" data-id=\"6333bd2\" data-element_type=\"container\" data-settings=\"{&quot;jet_parallax_layout_list&quot;:[]}\">\n\t\t\t\t<div class=\"elementor-element elementor-element-870c65e elementor-widget elementor-widget-heading\" data-id=\"870c65e\" data-element_type=\"widget\" data-widget_type=\"heading.default\">\n\t\t\t\t<div class=\"elementor-widget-container\">\n\t\t\t\t\t<h1 class=\"elementor-heading-title elementor-size-default\">Bio<\/h1>\t\t\t\t<\/div>\n\t\t\t\t<\/div>\n\t\t\t\t<div class=\"elementor-element elementor-element-edf77b6 elementor-widget__width-inherit elementor-widget elementor-widget-text-editor\" data-id=\"edf77b6\" data-element_type=\"widget\" data-widget_type=\"text-editor.default\">\n\t\t\t\t<div class=\"elementor-widget-container\">\n\t\t\t\t\t\t\t\t\t<p>\u00a0<\/p><p>\u00a0<\/p><p>A native of Val-des-Sources, France McNeil lives and works in Quebec City. She has a BA in visual arts from Universit\u00e9 Laval. Her practice focuses on painting, printmaking and drawing. She has been a member of Centre Engramme since 1994.<\/p><p>Her work has been shown in numerous exhibitions in Quebec and abroad, notably in France, Belgium, Germany and Finland. Her work can be found in a number of private and public collections, including the Biblioth\u00e8que et Archives nationales du Qu\u00e9bec, the Loto-Qu\u00e9bec Collection, the Desjardins Collection and the M\u00e9duse Collection.<\/p><p>With financial support from the Conseil des Arts et des Lettres du Qu\u00e9bec and SODEC, France McNeil has taken part in creative residencies at the Vermont Studio Centre and the Engramme Centre in Quebec City. In 2013, she was a finalist for the Videre Award for Excellence in Arts and Culture. In 2023, she received the Troph\u00e9e Paysage from the Cercle des artistes peintres et sculpteurs du Qu\u00e9bec.<\/p>\t\t\t\t\t\t\t\t<\/div>\n\t\t\t\t<\/div>\n\t\t\t\t<\/div>\n\t\t<div class=\"elementor-element elementor-element-26299b8 e-con-full e-flex e-con e-child\" data-id=\"26299b8\" data-element_type=\"container\" data-settings=\"{&quot;jet_parallax_layout_list&quot;:[]}\">\n\t\t\t\t<div class=\"elementor-element elementor-element-13ff9f7 elementor-widget elementor-widget-spacer\" data-id=\"13ff9f7\" data-element_type=\"widget\" data-widget_type=\"spacer.default\">\n\t\t\t\t<div class=\"elementor-widget-container\">\n\t\t\t\t\t\t\t<div class=\"elementor-spacer\">\n\t\t\t<div class=\"elementor-spacer-inner\"><\/div>\n\t\t<\/div>\n\t\t\t\t\t\t<\/div>\n\t\t\t\t<\/div>\n\t\t\t\t<div class=\"elementor-element elementor-element-b3e53c6 elementor-widget__width-inherit elementor-widget elementor-widget-image\" data-id=\"b3e53c6\" data-element_type=\"widget\" data-widget_type=\"image.default\">\n\t\t\t\t<div class=\"elementor-widget-container\">\n\t\t\t\t\t\t\t\t\t\t\t\t\t\t\t<img fetchpriority=\"high\" decoding=\"async\" width=\"768\" height=\"661\" src=\"https:\/\/francemcneil.com\/wp-content\/uploads\/portrait-atelier-mcneil-768x661.jpg\" class=\"attachment-medium_large size-medium_large wp-image-1668\" alt=\"\" srcset=\"https:\/\/francemcneil.com\/wp-content\/uploads\/portrait-atelier-mcneil-768x661.jpg 768w, https:\/\/francemcneil.com\/wp-content\/uploads\/portrait-atelier-mcneil-300x258.jpg 300w, https:\/\/francemcneil.com\/wp-content\/uploads\/portrait-atelier-mcneil-1024x882.jpg 1024w, https:\/\/francemcneil.com\/wp-content\/uploads\/portrait-atelier-mcneil.jpg 1095w\" sizes=\"(max-width: 768px) 100vw, 768px\" \/>\t\t\t\t\t\t\t\t\t\t\t\t\t\t\t<\/div>\n\t\t\t\t<\/div>\n\t\t\t\t<\/div>\n\t\t\t\t\t<\/div>\n\t\t\t\t<\/div>\n\t\t\t\t<\/div>\n\t\t","protected":false},"excerpt":{"rendered":"<p>Bio A native of Val-des-Sources, France McNeil lives and works in Quebec City. She has a BA in visual arts from Universit\u00e9 Laval. Her practice focuses on painting, printmaking and drawing. She has been a member of Centre Engramme since 1994. Her work has been shown in numerous exhibitions in Quebec and abroad, notably in [&hellip;]<\/p>\n","protected":false},"author":2,"featured_media":0,"parent":0,"menu_order":0,"comment_status":"closed","ping_status":"closed","template":"","meta":{"_acf_changed":false,"_seopress_robots_primary_cat":"","_seopress_titles_title":"","_seopress_titles_desc":"","_seopress_robots_index":"","footnotes":""},"class_list":["post-2792","page","type-page","status-publish","hentry"],"acf":[],"_links":{"self":[{"href":"https:\/\/francemcneil.com\/en\/wp-json\/wp\/v2\/pages\/2792","targetHints":{"allow":["GET"]}}],"collection":[{"href":"https:\/\/francemcneil.com\/en\/wp-json\/wp\/v2\/pages"}],"about":[{"href":"https:\/\/francemcneil.com\/en\/wp-json\/wp\/v2\/types\/page"}],"author":[{"embeddable":true,"href":"https:\/\/francemcneil.com\/en\/wp-json\/wp\/v2\/users\/2"}],"replies":[{"embeddable":true,"href":"https:\/\/francemcneil.com\/en\/wp-json\/wp\/v2\/comments?post=2792"}],"version-history":[{"count":6,"href":"https:\/\/francemcneil.com\/en\/wp-json\/wp\/v2\/pages\/2792\/revisions"}],"predecessor-version":[{"id":2941,"href":"https:\/\/francemcneil.com\/en\/wp-json\/wp\/v2\/pages\/2792\/revisions\/2941"}],"wp:attachment":[{"href":"https:\/\/francemcneil.com\/en\/wp-json\/wp\/v2\/media?parent=2792"}],"curies":[{"name":"wp","href":"https:\/\/api.w.org\/{rel}","templated":true}]}}